{"id":10392,"date":"2025-10-14T14:15:53","date_gmt":"2025-10-14T14:15:53","guid":{"rendered":"https:\/\/www.trusted-heroes.com\/?post_type=product&#038;p=10392"},"modified":"2026-02-05T07:38:00","modified_gmt":"2026-02-05T07:38:00","slug":"online-shop-siegel","status":"publish","type":"product","link":"https:\/\/www.trusted-heroes.com\/en\/produkt\/online-shop-siegel\/","title":{"rendered":"Online-Shop Siegel"},"content":{"rendered":"<p>Als unabh\u00e4ngige Produkttester pr\u00fcfen Ihren Online-Shop auf verschiedene Pr\u00fcfkategorien. Sie erhalten neben einer neutralen Bewertung mit G\u00fctesiegel f\u00fcr Ihren Online-Shop auch gleichzeitig ein Vertrauenssignal.<\/p>\n<p>Das Online-Shop-Modell umfasst:<\/p>\n<ol>\n<li>G\u00fctesiegel als Badge zum Einbinden auf Ihrem Online-Shop<\/li>\n<li>Vollst\u00e4ndigen Testbericht auf trusted-heroes.com + Pr\u00fcfbericht als PDF f\u00fcr Sie<\/li>\n<li>Lizenzschl\u00fcssel zur Zuordnung Ihres Berichts zum Siegel<\/li>\n<li>G\u00fcltigkeit der Lizenz: F\u00fcr Online-Shops und Dienstleistungsanbietern<\/li>\n<\/ol>\n","protected":false},"excerpt":{"rendered":"<p>Das weltweit g\u00fcltige G\u00fctesiegel f\u00fcr Online-Shops stellt eine Online-Shop Zertifizierung nach dem THO-Ablauf dar. N\u00e4here Informationen sind stets unter unserem Pr\u00fcfkatalog zu entnehmen.<\/p>\n","protected":false},"featured_media":9314,"comment_status":"open","ping_status":"closed","template":"","meta":{"_acf_changed":false},"information":[],"product_brand":[],"product_cat":[261],"product_tag":[],"class_list":{"0":"post-10392","1":"product","2":"type-product","3":"status-publish","4":"has-post-thumbnail","6":"product_cat-tho-guetesiegel-kategorie","8":"first","9":"instock","10":"downloadable","11":"virtual","12":"taxable","13":"purchasable","14":"product-type-simple"},"acf":[],"yoast_head":"<!-- This site is optimized with the Yoast SEO plugin v27.3 - https:\/\/yoast.com\/product\/yoast-seo-wordpress\/ -->\n<title>Websitesiegel by Trusted Heroes | nur 39\u20ac<\/title>\n<meta name=\"description\" content=\"Mit dem THO Websitesiegel erhalten Sie nach bestandenem Test ein Vertrauensanker f\u00fcr Ihre Seite \u2713 Badge + Pr\u00fcfbericht \u2713 kein Affiliate \u2192 Jetzt zuschlagen!\" \/>\n<meta name=\"robots\" content=\"index, follow, max-snippet:-1, max-image-preview:large, max-video-preview:-1\" \/>\n<link rel=\"canonical\" href=\"https:\/\/www.trusted-heroes.com\/en\/produkt\/online-shop-siegel\/\" \/>\n<meta property=\"og:locale\" content=\"en_US\" \/>\n<meta property=\"og:type\" content=\"article\" \/>\n<meta property=\"og:title\" content=\"Websitesiegel by Trusted Heroes | nur 39\u20ac\" \/>\n<meta property=\"og:description\" content=\"Mit dem THO Websitesiegel erhalten Sie nach bestandenem Test ein Vertrauensanker f\u00fcr Ihre Seite \u2713 Badge + Pr\u00fcfbericht \u2713 kein Affiliate \u2192 Jetzt zuschlagen!\" \/>\n<meta property=\"og:url\" content=\"https:\/\/www.trusted-heroes.com\/en\/produkt\/online-shop-siegel\/\" \/>\n<meta property=\"og:site_name\" content=\"Trusted Heroes\" \/>\n<meta property=\"article:modified_time\" content=\"2026-02-05T07:38:00+00:00\" \/>\n<meta property=\"og:image\" content=\"https:\/\/www.trusted-heroes.com\/wp-content\/uploads\/2025\/08\/Shop-Siegel-08.png\" \/>\n\t<meta property=\"og:image:width\" content=\"1250\" \/>\n\t<meta property=\"og:image:height\" content=\"1250\" \/>\n\t<meta property=\"og:image:type\" content=\"image\/png\" \/>\n<meta name=\"twitter:card\" content=\"summary_large_image\" \/>\n<meta name=\"twitter:label1\" content=\"Est. reading time\" \/>\n\t<meta name=\"twitter:data1\" content=\"1 minute\" \/>\n<script type=\"application\/ld+json\" class=\"yoast-schema-graph\">{\"@context\":\"https:\\\/\\\/schema.org\",\"@graph\":[{\"@type\":\"WebPage\",\"@id\":\"https:\\\/\\\/www.trusted-heroes.com\\\/en\\\/produkt\\\/online-shop-siegel\\\/\",\"url\":\"https:\\\/\\\/www.trusted-heroes.com\\\/en\\\/produkt\\\/online-shop-siegel\\\/\",\"name\":\"Websitesiegel by Trusted Heroes | nur 39\u20ac\",\"isPartOf\":{\"@id\":\"https:\\\/\\\/www.trusted-heroes.com\\\/en\\\/#website\"},\"primaryImageOfPage\":{\"@id\":\"https:\\\/\\\/www.trusted-heroes.com\\\/en\\\/produkt\\\/online-shop-siegel\\\/#primaryimage\"},\"image\":{\"@id\":\"https:\\\/\\\/www.trusted-heroes.com\\\/en\\\/produkt\\\/online-shop-siegel\\\/#primaryimage\"},\"thumbnailUrl\":\"https:\\\/\\\/www.trusted-heroes.com\\\/wp-content\\\/uploads\\\/2025\\\/08\\\/Shop-Siegel-08.png\",\"datePublished\":\"2025-10-14T14:15:53+00:00\",\"dateModified\":\"2026-02-05T07:38:00+00:00\",\"description\":\"Mit dem THO Websitesiegel erhalten Sie nach bestandenem Test ein Vertrauensanker f\u00fcr Ihre Seite \u2713 Badge + Pr\u00fcfbericht \u2713 kein Affiliate \u2192 Jetzt zuschlagen!\",\"breadcrumb\":{\"@id\":\"https:\\\/\\\/www.trusted-heroes.com\\\/en\\\/produkt\\\/online-shop-siegel\\\/#breadcrumb\"},\"inLanguage\":\"en-US\",\"potentialAction\":[{\"@type\":\"ReadAction\",\"target\":[\"https:\\\/\\\/www.trusted-heroes.com\\\/en\\\/produkt\\\/online-shop-siegel\\\/\"]}]},{\"@type\":\"ImageObject\",\"inLanguage\":\"en-US\",\"@id\":\"https:\\\/\\\/www.trusted-heroes.com\\\/en\\\/produkt\\\/online-shop-siegel\\\/#primaryimage\",\"url\":\"https:\\\/\\\/www.trusted-heroes.com\\\/wp-content\\\/uploads\\\/2025\\\/08\\\/Shop-Siegel-08.png\",\"contentUrl\":\"https:\\\/\\\/www.trusted-heroes.com\\\/wp-content\\\/uploads\\\/2025\\\/08\\\/Shop-Siegel-08.png\",\"width\":1250,\"height\":1250,\"caption\":\"Trusted Heroes Shop Siegel\"},{\"@type\":\"BreadcrumbList\",\"@id\":\"https:\\\/\\\/www.trusted-heroes.com\\\/en\\\/produkt\\\/online-shop-siegel\\\/#breadcrumb\",\"itemListElement\":[{\"@type\":\"ListItem\",\"position\":1,\"name\":\"Startseite\",\"item\":\"https:\\\/\\\/www.trusted-heroes.com\\\/en\\\/kennenlernen\\\/\"},{\"@type\":\"ListItem\",\"position\":2,\"name\":\"Shop\",\"item\":\"https:\\\/\\\/www.trusted-heroes.com\\\/en\\\/shop\\\/\"},{\"@type\":\"ListItem\",\"position\":3,\"name\":\"Online-Shop Siegel\"}]},{\"@type\":\"WebSite\",\"@id\":\"https:\\\/\\\/www.trusted-heroes.com\\\/en\\\/#website\",\"url\":\"https:\\\/\\\/www.trusted-heroes.com\\\/en\\\/\",\"name\":\"Trusted Heroes\",\"description\":\"\",\"publisher\":{\"@id\":\"https:\\\/\\\/www.trusted-heroes.com\\\/en\\\/#organization\"},\"potentialAction\":[{\"@type\":\"SearchAction\",\"target\":{\"@type\":\"EntryPoint\",\"urlTemplate\":\"https:\\\/\\\/www.trusted-heroes.com\\\/en\\\/?s={search_term_string}\"},\"query-input\":{\"@type\":\"PropertyValueSpecification\",\"valueRequired\":true,\"valueName\":\"search_term_string\"}}],\"inLanguage\":\"en-US\"},{\"@type\":\"Organization\",\"@id\":\"https:\\\/\\\/www.trusted-heroes.com\\\/en\\\/#organization\",\"name\":\"Trusted Heroes\",\"url\":\"https:\\\/\\\/www.trusted-heroes.com\\\/en\\\/\",\"logo\":{\"@type\":\"ImageObject\",\"inLanguage\":\"en-US\",\"@id\":\"https:\\\/\\\/www.trusted-heroes.com\\\/en\\\/#\\\/schema\\\/logo\\\/image\\\/\",\"url\":\"https:\\\/\\\/www.trusted-heroes.com\\\/wp-content\\\/uploads\\\/2023\\\/08\\\/Logo_Trusted-Heroes.jpg\",\"contentUrl\":\"https:\\\/\\\/www.trusted-heroes.com\\\/wp-content\\\/uploads\\\/2023\\\/08\\\/Logo_Trusted-Heroes.jpg\",\"width\":1802,\"height\":856,\"caption\":\"Trusted Heroes \"},\"image\":{\"@id\":\"https:\\\/\\\/www.trusted-heroes.com\\\/en\\\/#\\\/schema\\\/logo\\\/image\\\/\"}}]}<\/script>\n<!-- \/ Yoast SEO plugin. -->","yoast_head_json":{"title":"Websitesiegel by Trusted Heroes | nur 39\u20ac","description":"Mit dem THO Websitesiegel erhalten Sie nach bestandenem Test ein Vertrauensanker f\u00fcr Ihre Seite \u2713 Badge + Pr\u00fcfbericht \u2713 kein Affiliate \u2192 Jetzt zuschlagen!","robots":{"index":"index","follow":"follow","max-snippet":"max-snippet:-1","max-image-preview":"max-image-preview:large","max-video-preview":"max-video-preview:-1"},"canonical":"https:\/\/www.trusted-heroes.com\/en\/produkt\/online-shop-siegel\/","og_locale":"en_US","og_type":"article","og_title":"Websitesiegel by Trusted Heroes | nur 39\u20ac","og_description":"Mit dem THO Websitesiegel erhalten Sie nach bestandenem Test ein Vertrauensanker f\u00fcr Ihre Seite \u2713 Badge + Pr\u00fcfbericht \u2713 kein Affiliate \u2192 Jetzt zuschlagen!","og_url":"https:\/\/www.trusted-heroes.com\/en\/produkt\/online-shop-siegel\/","og_site_name":"Trusted Heroes","article_modified_time":"2026-02-05T07:38:00+00:00","og_image":[{"width":1250,"height":1250,"url":"https:\/\/www.trusted-heroes.com\/wp-content\/uploads\/2025\/08\/Shop-Siegel-08.png","type":"image\/png"}],"twitter_card":"summary_large_image","twitter_misc":{"Est. reading time":"1 minute"},"schema":{"@context":"https:\/\/schema.org","@graph":[{"@type":"WebPage","@id":"https:\/\/www.trusted-heroes.com\/en\/produkt\/online-shop-siegel\/","url":"https:\/\/www.trusted-heroes.com\/en\/produkt\/online-shop-siegel\/","name":"Websitesiegel by Trusted Heroes | nur 39\u20ac","isPartOf":{"@id":"https:\/\/www.trusted-heroes.com\/en\/#website"},"primaryImageOfPage":{"@id":"https:\/\/www.trusted-heroes.com\/en\/produkt\/online-shop-siegel\/#primaryimage"},"image":{"@id":"https:\/\/www.trusted-heroes.com\/en\/produkt\/online-shop-siegel\/#primaryimage"},"thumbnailUrl":"https:\/\/www.trusted-heroes.com\/wp-content\/uploads\/2025\/08\/Shop-Siegel-08.png","datePublished":"2025-10-14T14:15:53+00:00","dateModified":"2026-02-05T07:38:00+00:00","description":"Mit dem THO Websitesiegel erhalten Sie nach bestandenem Test ein Vertrauensanker f\u00fcr Ihre Seite \u2713 Badge + Pr\u00fcfbericht \u2713 kein Affiliate \u2192 Jetzt zuschlagen!","breadcrumb":{"@id":"https:\/\/www.trusted-heroes.com\/en\/produkt\/online-shop-siegel\/#breadcrumb"},"inLanguage":"en-US","potentialAction":[{"@type":"ReadAction","target":["https:\/\/www.trusted-heroes.com\/en\/produkt\/online-shop-siegel\/"]}]},{"@type":"ImageObject","inLanguage":"en-US","@id":"https:\/\/www.trusted-heroes.com\/en\/produkt\/online-shop-siegel\/#primaryimage","url":"https:\/\/www.trusted-heroes.com\/wp-content\/uploads\/2025\/08\/Shop-Siegel-08.png","contentUrl":"https:\/\/www.trusted-heroes.com\/wp-content\/uploads\/2025\/08\/Shop-Siegel-08.png","width":1250,"height":1250,"caption":"Trusted Heroes Shop Siegel"},{"@type":"BreadcrumbList","@id":"https:\/\/www.trusted-heroes.com\/en\/produkt\/online-shop-siegel\/#breadcrumb","itemListElement":[{"@type":"ListItem","position":1,"name":"Startseite","item":"https:\/\/www.trusted-heroes.com\/en\/kennenlernen\/"},{"@type":"ListItem","position":2,"name":"Shop","item":"https:\/\/www.trusted-heroes.com\/en\/shop\/"},{"@type":"ListItem","position":3,"name":"Online-Shop Siegel"}]},{"@type":"WebSite","@id":"https:\/\/www.trusted-heroes.com\/en\/#website","url":"https:\/\/www.trusted-heroes.com\/en\/","name":"Trusted Heroes","description":"","publisher":{"@id":"https:\/\/www.trusted-heroes.com\/en\/#organization"},"potentialAction":[{"@type":"SearchAction","target":{"@type":"EntryPoint","urlTemplate":"https:\/\/www.trusted-heroes.com\/en\/?s={search_term_string}"},"query-input":{"@type":"PropertyValueSpecification","valueRequired":true,"valueName":"search_term_string"}}],"inLanguage":"en-US"},{"@type":"Organization","@id":"https:\/\/www.trusted-heroes.com\/en\/#organization","name":"Trusted Heroes","url":"https:\/\/www.trusted-heroes.com\/en\/","logo":{"@type":"ImageObject","inLanguage":"en-US","@id":"https:\/\/www.trusted-heroes.com\/en\/#\/schema\/logo\/image\/","url":"https:\/\/www.trusted-heroes.com\/wp-content\/uploads\/2023\/08\/Logo_Trusted-Heroes.jpg","contentUrl":"https:\/\/www.trusted-heroes.com\/wp-content\/uploads\/2023\/08\/Logo_Trusted-Heroes.jpg","width":1802,"height":856,"caption":"Trusted Heroes "},"image":{"@id":"https:\/\/www.trusted-heroes.com\/en\/#\/schema\/logo\/image\/"}}]}},"jetpack_sharing_enabled":true,"_links":{"self":[{"href":"https:\/\/www.trusted-heroes.com\/en\/wp-json\/wp\/v2\/product\/10392","targetHints":{"allow":["GET"]}}],"collection":[{"href":"https:\/\/www.trusted-heroes.com\/en\/wp-json\/wp\/v2\/product"}],"about":[{"href":"https:\/\/www.trusted-heroes.com\/en\/wp-json\/wp\/v2\/types\/product"}],"replies":[{"embeddable":true,"href":"https:\/\/www.trusted-heroes.com\/en\/wp-json\/wp\/v2\/comments?post=10392"}],"version-history":[{"count":3,"href":"https:\/\/www.trusted-heroes.com\/en\/wp-json\/wp\/v2\/product\/10392\/revisions"}],"predecessor-version":[{"id":12156,"href":"https:\/\/www.trusted-heroes.com\/en\/wp-json\/wp\/v2\/product\/10392\/revisions\/12156"}],"wp:featuredmedia":[{"embeddable":true,"href":"https:\/\/www.trusted-heroes.com\/en\/wp-json\/wp\/v2\/media\/9314"}],"wp:attachment":[{"href":"https:\/\/www.trusted-heroes.com\/en\/wp-json\/wp\/v2\/media?parent=10392"}],"wp:term":[{"taxonomy":"information","embeddable":true,"href":"https:\/\/www.trusted-heroes.com\/en\/wp-json\/wp\/v2\/information?post=10392"},{"taxonomy":"product_brand","embeddable":true,"href":"https:\/\/www.trusted-heroes.com\/en\/wp-json\/wp\/v2\/product_brand?post=10392"},{"taxonomy":"product_cat","embeddable":true,"href":"https:\/\/www.trusted-heroes.com\/en\/wp-json\/wp\/v2\/product_cat?post=10392"},{"taxonomy":"product_tag","embeddable":true,"href":"https:\/\/www.trusted-heroes.com\/en\/wp-json\/wp\/v2\/product_tag?post=10392"}],"curies":[{"name":"wp","href":"https:\/\/api.w.org\/{rel}","templated":true}]}}